{"id":452,"date":"2022-09-11T18:44:07","date_gmt":"2022-09-11T18:44:07","guid":{"rendered":"https:\/\/zendahome.com\/?post_type=product&#038;p=452"},"modified":"2022-09-11T18:44:07","modified_gmt":"2022-09-11T18:44:07","slug":"taki-standi-b-027","status":"publish","type":"product","link":"https:\/\/zendahome.com\/tr\/urun\/banyo-urunleri\/taki-standi-b-027\/","title":{"rendered":"Tak\u0131 Stand\u0131"},"content":{"rendered":"","protected":false},"excerpt":{"rendered":"<p><em>Jewelry Stand<\/em><\/p>\n<p>&nbsp;<\/p>\n<table style=\"border: 0px; border-collapse: collapse;\">\n<tbody>\n<tr>\n<td><strong>\u00dcr\u00fcn Kodu \/ <\/strong><em>Product Code<\/em><\/td>\n<td>:<\/td>\n<td><strong>B-027<\/strong><\/td>\n<\/tr>\n<tr>\n<td><strong>\u00dcr\u00fcn \u00d6l\u00e7\u00fcleri \/ <\/strong><em>Roduct Size<\/em><\/td>\n<td>:<\/td>\n<td>10 x 25 x 28 cm<\/td>\n<\/tr>\n<tr>\n<td><strong>BE-027<\/strong><\/td>\n<td>:<\/td>\n<td>Elektrostatik \/ <em>Electrostatic<\/em><\/td>\n<\/tr>\n<tr>\n<td><strong>BP-027<\/strong><\/td>\n<td>:<\/td>\n<td>Polietilen \/ <em>Polythene<\/em><\/td>\n<\/tr>\n<tr>\n<td><strong>BC-027<\/strong><\/td>\n<td>:<\/td>\n<td>Krom \/ <em>Chorome<\/em><\/td>\n<\/tr>\n<tr>\n<td><strong>BG-027<\/strong><\/td>\n<td>:<\/td>\n<td>Alt\u0131n \/ <em>Gold<\/em><\/td>\n<\/tr>\n<tr>\n<td><strong>Paket Adet \/ <\/strong><em>Package Qantity<\/em><\/td>\n<td>:<\/td>\n<td>50 Adet \/ 50<em>\u00a0Units<\/em><\/td>\n<\/tr>\n<\/tbody>\n<\/table>\n","protected":false},"featured_media":453,"comment_status":"closed","ping_status":"closed","template":"","meta":[],"product_cat":[65],"product_tag":[],"class_list":["post-452","product","type-product","status-publish","has-post-thumbnail","hentry","product_cat-banyo-urunleri"],"_links":{"self":[{"href":"https:\/\/zendahome.com\/tr\/wp-json\/wp\/v2\/product\/452","targetHints":{"allow":["GET"]}}],"collection":[{"href":"https:\/\/zendahome.com\/tr\/wp-json\/wp\/v2\/product"}],"about":[{"href":"https:\/\/zendahome.com\/tr\/wp-json\/wp\/v2\/types\/product"}],"replies":[{"embeddable":true,"href":"https:\/\/zendahome.com\/tr\/wp-json\/wp\/v2\/comments?post=452"}],"wp:featuredmedia":[{"embeddable":true,"href":"https:\/\/zendahome.com\/tr\/wp-json\/wp\/v2\/media\/453"}],"wp:attachment":[{"href":"https:\/\/zendahome.com\/tr\/wp-json\/wp\/v2\/media?parent=452"}],"wp:term":[{"taxonomy":"product_cat","embeddable":true,"href":"https:\/\/zendahome.com\/tr\/wp-json\/wp\/v2\/product_cat?post=452"},{"taxonomy":"product_tag","embeddable":true,"href":"https:\/\/zendahome.com\/tr\/wp-json\/wp\/v2\/product_tag?post=452"}],"curies":[{"name":"wp","href":"https:\/\/api.w.org\/{rel}","templated":true}]}}