{"id":446,"date":"2022-09-11T18:39:19","date_gmt":"2022-09-11T18:39:19","guid":{"rendered":"https:\/\/zendahome.com\/?post_type=product&#038;p=446"},"modified":"2022-09-11T18:39:19","modified_gmt":"2022-09-11T18:39:19","slug":"fon-askisi-b-024","status":"publish","type":"product","link":"https:\/\/zendahome.com\/tr\/urun\/banyo-urunleri\/fon-askisi-b-024\/","title":{"rendered":"F\u00f6n Ask\u0131s\u0131"},"content":{"rendered":"","protected":false},"excerpt":{"rendered":"<p><em>Blow Dryer Hanger<\/em><\/p>\n<p>&nbsp;<\/p>\n<table style=\"border: 0px; border-collapse: collapse;\">\n<tbody>\n<tr>\n<td><strong>\u00dcr\u00fcn Kodu \/ <\/strong><em>Product Code<\/em><\/td>\n<td>:<\/td>\n<td><strong>B-024<\/strong><\/td>\n<\/tr>\n<tr>\n<td><strong>\u00dcr\u00fcn \u00d6l\u00e7\u00fcleri \/ <\/strong><em>Roduct Size<\/em><\/td>\n<td>:<\/td>\n<td>24 x 9 x 11 cm<\/td>\n<\/tr>\n<tr>\n<td><strong>BE-024<\/strong><\/td>\n<td>:<\/td>\n<td>Elektrostatik \/ <em>Electrostatic<\/em><\/td>\n<\/tr>\n<tr>\n<td><strong>BP-024<\/strong><\/td>\n<td>:<\/td>\n<td>Polietilen \/ <em>Polythene<\/em><\/td>\n<\/tr>\n<tr>\n<td><strong>BC-024<\/strong><\/td>\n<td>:<\/td>\n<td>Krom \/ <em>Chorome<\/em><\/td>\n<\/tr>\n<tr>\n<td><strong>BG-024<\/strong><\/td>\n<td>:<\/td>\n<td>Alt\u0131n \/ <em>Gold<\/em><\/td>\n<\/tr>\n<tr>\n<td><strong>Paket Adet \/ <\/strong><em>Package Qantity<\/em><\/td>\n<td>:<\/td>\n<td>50 Adet \/ 50<em>\u00a0Units<\/em><\/td>\n<\/tr>\n<\/tbody>\n<\/table>\n","protected":false},"featured_media":447,"comment_status":"closed","ping_status":"closed","template":"","meta":[],"product_cat":[65],"product_tag":[],"class_list":["post-446","product","type-product","status-publish","has-post-thumbnail","hentry","product_cat-banyo-urunleri"],"_links":{"self":[{"href":"https:\/\/zendahome.com\/tr\/wp-json\/wp\/v2\/product\/446","targetHints":{"allow":["GET"]}}],"collection":[{"href":"https:\/\/zendahome.com\/tr\/wp-json\/wp\/v2\/product"}],"about":[{"href":"https:\/\/zendahome.com\/tr\/wp-json\/wp\/v2\/types\/product"}],"replies":[{"embeddable":true,"href":"https:\/\/zendahome.com\/tr\/wp-json\/wp\/v2\/comments?post=446"}],"wp:featuredmedia":[{"embeddable":true,"href":"https:\/\/zendahome.com\/tr\/wp-json\/wp\/v2\/media\/447"}],"wp:attachment":[{"href":"https:\/\/zendahome.com\/tr\/wp-json\/wp\/v2\/media?parent=446"}],"wp:term":[{"taxonomy":"product_cat","embeddable":true,"href":"https:\/\/zendahome.com\/tr\/wp-json\/wp\/v2\/product_cat?post=446"},{"taxonomy":"product_tag","embeddable":true,"href":"https:\/\/zendahome.com\/tr\/wp-json\/wp\/v2\/product_tag?post=446"}],"curies":[{"name":"wp","href":"https:\/\/api.w.org\/{rel}","templated":true}]}}