{"id":441,"date":"2022-09-11T18:32:58","date_gmt":"2022-09-11T18:32:58","guid":{"rendered":"https:\/\/zendahome.com\/?post_type=product&#038;p=441"},"modified":"2022-09-11T18:35:44","modified_gmt":"2022-09-11T18:35:44","slug":"havlu-askisi-b-023","status":"publish","type":"product","link":"https:\/\/zendahome.com\/tr\/urun\/banyo-urunleri\/havlu-askisi-b-023\/","title":{"rendered":"Havlu Ask\u0131s\u0131"},"content":{"rendered":"","protected":false},"excerpt":{"rendered":"<p><em>Towel Hanger<\/em><\/p>\n<p>&nbsp;<\/p>\n<table style=\"border: 0px; border-collapse: collapse;\">\n<tbody>\n<tr>\n<td><strong>\u00dcr\u00fcn Kodu \/ <\/strong><em>Product Code<\/em><\/td>\n<td>:<\/td>\n<td><strong>B-023<\/strong><\/td>\n<\/tr>\n<tr>\n<td><strong>\u00dcr\u00fcn \u00d6l\u00e7\u00fcleri \/ <\/strong><em>Roduct Size<\/em><\/td>\n<td>:<\/td>\n<td>18 x 18 x 4 cm<\/td>\n<\/tr>\n<tr>\n<td><strong>BE-023<\/strong><\/td>\n<td>:<\/td>\n<td>Elektrostatik \/ <em>Electrostatic<\/em><\/td>\n<\/tr>\n<tr>\n<td><strong>BP-023<\/strong><\/td>\n<td>:<\/td>\n<td>Polietilen \/ <em>Polythene<\/em><\/td>\n<\/tr>\n<tr>\n<td><strong>BC-023<\/strong><\/td>\n<td>:<\/td>\n<td>Krom \/ <em>Chorome<\/em><\/td>\n<\/tr>\n<tr>\n<td><strong>BG-023<\/strong><\/td>\n<td>:<\/td>\n<td>Alt\u0131n \/ <em>Gold<\/em><\/td>\n<\/tr>\n<tr>\n<td><strong>Paket Adet \/ <\/strong><em>Package Qantity<\/em><\/td>\n<td>:<\/td>\n<td>50 Adet \/ 50<em>\u00a0Units<\/em><\/td>\n<\/tr>\n<\/tbody>\n<\/table>\n","protected":false},"featured_media":442,"comment_status":"closed","ping_status":"closed","template":"","meta":[],"product_cat":[65],"product_tag":[],"class_list":["post-441","product","type-product","status-publish","has-post-thumbnail","hentry","product_cat-banyo-urunleri"],"_links":{"self":[{"href":"https:\/\/zendahome.com\/tr\/wp-json\/wp\/v2\/product\/441","targetHints":{"allow":["GET"]}}],"collection":[{"href":"https:\/\/zendahome.com\/tr\/wp-json\/wp\/v2\/product"}],"about":[{"href":"https:\/\/zendahome.com\/tr\/wp-json\/wp\/v2\/types\/product"}],"replies":[{"embeddable":true,"href":"https:\/\/zendahome.com\/tr\/wp-json\/wp\/v2\/comments?post=441"}],"wp:featuredmedia":[{"embeddable":true,"href":"https:\/\/zendahome.com\/tr\/wp-json\/wp\/v2\/media\/442"}],"wp:attachment":[{"href":"https:\/\/zendahome.com\/tr\/wp-json\/wp\/v2\/media?parent=441"}],"wp:term":[{"taxonomy":"product_cat","embeddable":true,"href":"https:\/\/zendahome.com\/tr\/wp-json\/wp\/v2\/product_cat?post=441"},{"taxonomy":"product_tag","embeddable":true,"href":"https:\/\/zendahome.com\/tr\/wp-json\/wp\/v2\/product_tag?post=441"}],"curies":[{"name":"wp","href":"https:\/\/api.w.org\/{rel}","templated":true}]}}