{"id":390,"date":"2022-09-11T17:44:16","date_gmt":"2022-09-11T17:44:16","guid":{"rendered":"https:\/\/zendahome.com\/?post_type=product&#038;p=390"},"modified":"2022-09-11T17:44:16","modified_gmt":"2022-09-11T17:44:16","slug":"4-katli-metal-raf-t-002","status":"publish","type":"product","link":"https:\/\/zendahome.com\/tr\/urun\/kiler-urunleri\/4-katli-metal-raf-t-002\/","title":{"rendered":"4 Katl\u0131 Metal Raf"},"content":{"rendered":"","protected":false},"excerpt":{"rendered":"<p><em>4 Tiers Metal Shelf<\/em><\/p>\n<p>&nbsp;<\/p>\n<table style=\"border: 0px; border-collapse: collapse;\">\n<tbody>\n<tr>\n<td><strong>\u00dcr\u00fcn Kodu \/ <\/strong><em>Product Code<\/em><\/td>\n<td>:<\/td>\n<td><strong>T-002<\/strong><\/td>\n<\/tr>\n<tr>\n<td><strong>\u00dcr\u00fcn \u00d6l\u00e7\u00fcleri \/ <\/strong><em>Roduct Size<\/em><\/td>\n<td>:<\/td>\n<td>41 x 26 x 86 cm<\/td>\n<\/tr>\n<tr>\n<td><strong>TE-002<\/strong><\/td>\n<td>:<\/td>\n<td>Elektrostatik \/ <em>Electrostatic<\/em><\/td>\n<\/tr>\n<tr>\n<td><strong>TC-002<\/strong><\/td>\n<td>:<\/td>\n<td>Krom \/ <em>Chorome<\/em><\/td>\n<\/tr>\n<tr>\n<td><strong>Paket Adet \/ <\/strong><em>Package Qantity<\/em><\/td>\n<td>:<\/td>\n<td>12 Adet \/ 12<em>\u00a0Units<\/em><\/td>\n<\/tr>\n<tr>\n<td><strong>Ayak \/ <\/strong><em>Leg<\/em><\/td>\n<td>:<\/td>\n<td>Tekerlekli-T\u0131pal\u0131 \/ <em>Wheeled &#8211; Stopper<\/em><\/td>\n<\/tr>\n<\/tbody>\n<\/table>\n","protected":false},"featured_media":391,"comment_status":"closed","ping_status":"closed","template":"","meta":[],"product_cat":[66],"product_tag":[],"class_list":["post-390","product","type-product","status-publish","has-post-thumbnail","hentry","product_cat-kiler-urunleri"],"_links":{"self":[{"href":"https:\/\/zendahome.com\/tr\/wp-json\/wp\/v2\/product\/390","targetHints":{"allow":["GET"]}}],"collection":[{"href":"https:\/\/zendahome.com\/tr\/wp-json\/wp\/v2\/product"}],"about":[{"href":"https:\/\/zendahome.com\/tr\/wp-json\/wp\/v2\/types\/product"}],"replies":[{"embeddable":true,"href":"https:\/\/zendahome.com\/tr\/wp-json\/wp\/v2\/comments?post=390"}],"wp:featuredmedia":[{"embeddable":true,"href":"https:\/\/zendahome.com\/tr\/wp-json\/wp\/v2\/media\/391"}],"wp:attachment":[{"href":"https:\/\/zendahome.com\/tr\/wp-json\/wp\/v2\/media?parent=390"}],"wp:term":[{"taxonomy":"product_cat","embeddable":true,"href":"https:\/\/zendahome.com\/tr\/wp-json\/wp\/v2\/product_cat?post=390"},{"taxonomy":"product_tag","embeddable":true,"href":"https:\/\/zendahome.com\/tr\/wp-json\/wp\/v2\/product_tag?post=390"}],"curies":[{"name":"wp","href":"https:\/\/api.w.org\/{rel}","templated":true}]}}