{"id":386,"date":"2022-09-11T17:39:12","date_gmt":"2022-09-11T17:39:12","guid":{"rendered":"https:\/\/zendahome.com\/?post_type=product&#038;p=386"},"modified":"2022-09-11T17:39:12","modified_gmt":"2022-09-11T17:39:12","slug":"asilabilir-sirkelik-k-036","status":"publish","type":"product","link":"https:\/\/zendahome.com\/tr\/urun\/mutfak-urunleri\/asilabilir-sirkelik-k-036\/","title":{"rendered":"As\u0131labilir Sirkelik"},"content":{"rendered":"","protected":false},"excerpt":{"rendered":"<p><em>Single Layer Dish Rack<\/em><\/p>\n<p>&nbsp;<\/p>\n<table style=\"border: 0px; border-collapse: collapse;\">\n<tbody>\n<tr>\n<td><strong>\u00dcr\u00fcn Kodu \/ <\/strong><em>Product Code<\/em><\/td>\n<td>:<\/td>\n<td><strong>K-036<\/strong><\/td>\n<\/tr>\n<tr>\n<td><strong>\u00dcr\u00fcn \u00d6l\u00e7\u00fcleri \/ <\/strong><em>Roduct Size<\/em><\/td>\n<td>:<\/td>\n<td>20 x 12 x 38 cm<\/td>\n<\/tr>\n<tr>\n<td><strong>KE-036<\/strong><\/td>\n<td>:<\/td>\n<td>Elektrostatik \/ <em>Electrostatic<\/em><\/td>\n<\/tr>\n<tr>\n<td><strong>KP-036<\/strong><\/td>\n<td>:<\/td>\n<td>Polietilen \/ <em>Polythene<\/em><\/td>\n<\/tr>\n<tr>\n<td><strong>KC-036<\/strong><\/td>\n<td>:<\/td>\n<td>Krom \/ <em>Chorome<\/em><\/td>\n<\/tr>\n<tr>\n<td><strong>KG-036<\/strong><\/td>\n<td>:<\/td>\n<td>Alt\u0131n \/ <em>Gold<\/em><\/td>\n<\/tr>\n<tr>\n<td><strong>Paket Adet \/ <\/strong><em>Package Qantity<\/em><\/td>\n<td>:<\/td>\n<td>12 Adet \/ 12<em>\u00a0Units<\/em><\/td>\n<\/tr>\n<tr>\n<td><strong>Ayak \/ <\/strong><em>Leg<\/em><\/td>\n<td>:<\/td>\n<td>&#8211;<\/td>\n<\/tr>\n<\/tbody>\n<\/table>\n","protected":false},"featured_media":387,"comment_status":"closed","ping_status":"closed","template":"","meta":[],"product_cat":[64],"product_tag":[],"class_list":["post-386","product","type-product","status-publish","has-post-thumbnail","hentry","product_cat-mutfak-urunleri"],"_links":{"self":[{"href":"https:\/\/zendahome.com\/tr\/wp-json\/wp\/v2\/product\/386","targetHints":{"allow":["GET"]}}],"collection":[{"href":"https:\/\/zendahome.com\/tr\/wp-json\/wp\/v2\/product"}],"about":[{"href":"https:\/\/zendahome.com\/tr\/wp-json\/wp\/v2\/types\/product"}],"replies":[{"embeddable":true,"href":"https:\/\/zendahome.com\/tr\/wp-json\/wp\/v2\/comments?post=386"}],"wp:featuredmedia":[{"embeddable":true,"href":"https:\/\/zendahome.com\/tr\/wp-json\/wp\/v2\/media\/387"}],"wp:attachment":[{"href":"https:\/\/zendahome.com\/tr\/wp-json\/wp\/v2\/media?parent=386"}],"wp:term":[{"taxonomy":"product_cat","embeddable":true,"href":"https:\/\/zendahome.com\/tr\/wp-json\/wp\/v2\/product_cat?post=386"},{"taxonomy":"product_tag","embeddable":true,"href":"https:\/\/zendahome.com\/tr\/wp-json\/wp\/v2\/product_tag?post=386"}],"curies":[{"name":"wp","href":"https:\/\/api.w.org\/{rel}","templated":true}]}}