{"id":355,"date":"2022-09-10T22:09:27","date_gmt":"2022-09-10T22:09:27","guid":{"rendered":"https:\/\/zendahome.com\/?post_type=product&#038;p=355"},"modified":"2022-09-10T22:09:27","modified_gmt":"2022-09-10T22:09:27","slug":"kadeh-bardagi-rafi-k-022","status":"publish","type":"product","link":"https:\/\/zendahome.com\/tr\/urun\/mutfak-urunleri\/kadeh-bardagi-rafi-k-022\/","title":{"rendered":"Kadeh Barda\u011f\u0131 Raf\u0131"},"content":{"rendered":"","protected":false},"excerpt":{"rendered":"<p><em>Glass Cup Hanger Rack<\/em><\/p>\n<p>&nbsp;<\/p>\n<table style=\"border: 0px; border-collapse: collapse;\">\n<tbody>\n<tr>\n<td><strong>\u00dcr\u00fcn Kodu \/ <\/strong><em>Product Code<\/em><\/td>\n<td>:<\/td>\n<td><strong>K-022<\/strong><\/td>\n<\/tr>\n<tr>\n<td><strong>\u00dcr\u00fcn \u00d6l\u00e7\u00fcleri \/ <\/strong><em>Roduct Size<\/em><\/td>\n<td>:<\/td>\n<td>28 x 8 x 26 cm<\/td>\n<\/tr>\n<tr>\n<td><strong>KE-022<\/strong><\/td>\n<td>:<\/td>\n<td>Elektrostatik \/ <em>Electrostatic<\/em><\/td>\n<\/tr>\n<tr>\n<td><strong>KP-022<\/strong><\/td>\n<td>:<\/td>\n<td>Polietilen \/ <em>Polythene<\/em><\/td>\n<\/tr>\n<tr>\n<td><strong>KC-022<\/strong><\/td>\n<td>:<\/td>\n<td>Krom \/ <em>Chorome<\/em><\/td>\n<\/tr>\n<tr>\n<td><strong>KG-022<\/strong><\/td>\n<td>:<\/td>\n<td>Alt\u0131n \/ <em>Gold<\/em><\/td>\n<\/tr>\n<tr>\n<td><strong>Paket Adet \/ <\/strong><em>Package Qantity<\/em><\/td>\n<td>:<\/td>\n<td>50 Adet \/ 50<em>\u00a0Units<\/em><\/td>\n<\/tr>\n<tr>\n<td><strong>Ayak \/ <\/strong><em>Leg<\/em><\/td>\n<td>:<\/td>\n<td>&#8211;<\/td>\n<\/tr>\n<\/tbody>\n<\/table>\n","protected":false},"featured_media":356,"comment_status":"closed","ping_status":"closed","template":"","meta":[],"product_cat":[64],"product_tag":[],"class_list":["post-355","product","type-product","status-publish","has-post-thumbnail","hentry","product_cat-mutfak-urunleri"],"_links":{"self":[{"href":"https:\/\/zendahome.com\/tr\/wp-json\/wp\/v2\/product\/355","targetHints":{"allow":["GET"]}}],"collection":[{"href":"https:\/\/zendahome.com\/tr\/wp-json\/wp\/v2\/product"}],"about":[{"href":"https:\/\/zendahome.com\/tr\/wp-json\/wp\/v2\/types\/product"}],"replies":[{"embeddable":true,"href":"https:\/\/zendahome.com\/tr\/wp-json\/wp\/v2\/comments?post=355"}],"wp:featuredmedia":[{"embeddable":true,"href":"https:\/\/zendahome.com\/tr\/wp-json\/wp\/v2\/media\/356"}],"wp:attachment":[{"href":"https:\/\/zendahome.com\/tr\/wp-json\/wp\/v2\/media?parent=355"}],"wp:term":[{"taxonomy":"product_cat","embeddable":true,"href":"https:\/\/zendahome.com\/tr\/wp-json\/wp\/v2\/product_cat?post=355"},{"taxonomy":"product_tag","embeddable":true,"href":"https:\/\/zendahome.com\/tr\/wp-json\/wp\/v2\/product_tag?post=355"}],"curies":[{"name":"wp","href":"https:\/\/api.w.org\/{rel}","templated":true}]}}